{"id":3496,"date":"2021-02-16T09:38:12","date_gmt":"2021-02-16T08:38:12","guid":{"rendered":"http:\/\/gudajczyk.pl\/neurolog\/?page_id=3496"},"modified":"2021-10-15T10:33:24","modified_gmt":"2021-10-15T08:33:24","slug":"gabinet","status":"publish","type":"page","link":"https:\/\/gudajczyk.pl\/neurolog\/gabinet\/","title":{"rendered":"Gabinet"},"content":{"rendered":"<section class=\"l-section wpb_row height_medium\"><div class=\"l-section-h i-cf\"><div class=\"g-cols vc_row via_flex valign_top type_default stacking_default\"><div class=\"vc_col-sm-12 wpb_column vc_column_container\"><div class=\"vc_column-inner\"><div class=\"wpb_wrapper\"><div class=\"wpb_text_column\"><div class=\"wpb_wrapper\"><p>Gabinety zlokalizowane s\u0105 na pierwszym pi\u0119trze budynku mieszkalno-us\u0142ugowego przy ulicy\u00a0<strong>Modrzejewskiej 4<\/strong>, mi\u0119dzy Placem Gwia\u017adzistym a Ba\u0142tyckim Teatrem Dramatycznym. W budynku znajduje si\u0119 winda umo\u017cliwiaj\u0105ca wizyt\u0119 os\u00f3b niepe\u0142nosprawnych.<\/p>\n<\/div><\/div><div class=\"w-separator size_medium\"><\/div><div class=\"w-grid us_grid type_grid layout_gallery_default cols_2 preload_style_spinner\" id=\"us_grid_1\" style=\"--columns:2;--gap:0.5rem;\" data-filterable=\"true\"><style>@media (max-width:600px){#us_grid_1{--columns:1!important}}.layout_gallery_default .w-grid-item-h{}<\/style><div class=\"w-grid-list\">\t<article class=\"w-grid-item size_1x1 post-3542 attachment type-attachment status-inherit hentry\" data-id=\"3542\">\r\n\t\t<div class=\"w-grid-item-h\">\r\n\t\t\t\t\t\t\t<a ref=\"magnificPopupGrid\" href=\"https:\/\/gudajczyk.pl\/neurolog\/wp-content\/uploads\/2021\/02\/slide-4.jpg\" class=\"w-grid-item-anchor\" aria-label=\"slide-4\"><\/a>\r\n\t\t\t\t\t\t<div class=\"w-post-elm post_image usg_post_image_1 stretched\"><img loading=\"lazy\" decoding=\"async\" width=\"600\" height=\"250\" src=\"https:\/\/gudajczyk.pl\/neurolog\/wp-content\/uploads\/2021\/02\/slide-4.jpg\" class=\"attachment-large size-large\" alt=\"\" srcset=\"https:\/\/gudajczyk.pl\/neurolog\/wp-content\/uploads\/2021\/02\/slide-4.jpg 600w, https:\/\/gudajczyk.pl\/neurolog\/wp-content\/uploads\/2021\/02\/slide-4-300x125.jpg 300w\" sizes=\"auto, (max-width: 600px) 100vw, 600px\" \/><\/div>\t\t<\/div>\r\n\t\t\t<\/article>\r\n\t<article class=\"w-grid-item size_1x1 post-3541 attachment type-attachment status-inherit hentry\" data-id=\"3541\">\r\n\t\t<div class=\"w-grid-item-h\">\r\n\t\t\t\t\t\t\t<a ref=\"magnificPopupGrid\" href=\"https:\/\/gudajczyk.pl\/neurolog\/wp-content\/uploads\/2021\/02\/slide-3.jpg\" class=\"w-grid-item-anchor\" aria-label=\"slide-3\"><\/a>\r\n\t\t\t\t\t\t<div class=\"w-post-elm post_image usg_post_image_1 stretched\"><img loading=\"lazy\" decoding=\"async\" width=\"600\" height=\"250\" src=\"https:\/\/gudajczyk.pl\/neurolog\/wp-content\/uploads\/2021\/02\/slide-3.jpg\" class=\"attachment-large size-large\" alt=\"\" srcset=\"https:\/\/gudajczyk.pl\/neurolog\/wp-content\/uploads\/2021\/02\/slide-3.jpg 600w, https:\/\/gudajczyk.pl\/neurolog\/wp-content\/uploads\/2021\/02\/slide-3-300x125.jpg 300w\" sizes=\"auto, (max-width: 600px) 100vw, 600px\" \/><\/div>\t\t<\/div>\r\n\t\t\t<\/article>\r\n\t<article class=\"w-grid-item size_1x1 post-3540 attachment type-attachment status-inherit hentry\" data-id=\"3540\">\r\n\t\t<div class=\"w-grid-item-h\">\r\n\t\t\t\t\t\t\t<a ref=\"magnificPopupGrid\" href=\"https:\/\/gudajczyk.pl\/neurolog\/wp-content\/uploads\/2021\/02\/slide-2.jpg\" class=\"w-grid-item-anchor\" aria-label=\"slide-2\"><\/a>\r\n\t\t\t\t\t\t<div class=\"w-post-elm post_image usg_post_image_1 stretched\"><img loading=\"lazy\" decoding=\"async\" width=\"600\" height=\"250\" src=\"https:\/\/gudajczyk.pl\/neurolog\/wp-content\/uploads\/2021\/02\/slide-2.jpg\" class=\"attachment-large size-large\" alt=\"\" srcset=\"https:\/\/gudajczyk.pl\/neurolog\/wp-content\/uploads\/2021\/02\/slide-2.jpg 600w, https:\/\/gudajczyk.pl\/neurolog\/wp-content\/uploads\/2021\/02\/slide-2-300x125.jpg 300w\" sizes=\"auto, (max-width: 600px) 100vw, 600px\" \/><\/div>\t\t<\/div>\r\n\t\t\t<\/article>\r\n\t<article class=\"w-grid-item size_1x1 post-3539 attachment type-attachment status-inherit hentry\" data-id=\"3539\">\r\n\t\t<div class=\"w-grid-item-h\">\r\n\t\t\t\t\t\t\t<a ref=\"magnificPopupGrid\" href=\"https:\/\/gudajczyk.pl\/neurolog\/wp-content\/uploads\/2021\/02\/slide-1.jpg\" class=\"w-grid-item-anchor\" aria-label=\"slide-1\"><\/a>\r\n\t\t\t\t\t\t<div class=\"w-post-elm post_image usg_post_image_1 stretched\"><img loading=\"lazy\" decoding=\"async\" width=\"600\" height=\"250\" src=\"https:\/\/gudajczyk.pl\/neurolog\/wp-content\/uploads\/2021\/02\/slide-1.jpg\" class=\"attachment-large size-large\" alt=\"\" srcset=\"https:\/\/gudajczyk.pl\/neurolog\/wp-content\/uploads\/2021\/02\/slide-1.jpg 600w, https:\/\/gudajczyk.pl\/neurolog\/wp-content\/uploads\/2021\/02\/slide-1-300x125.jpg 300w\" sizes=\"auto, (max-width: 600px) 100vw, 600px\" \/><\/div>\t\t<\/div>\r\n\t\t\t<\/article>\r\n<\/div>\t<div class=\"w-grid-preloader\">\r\n\t\t<div class=\"g-preloader type_1\">\r\n\t\t\t<div><\/div>\r\n\t\t<\/div>\r\n\t<\/div>\r\n\t\t<div class=\"w-grid-json hidden\" onclick='return {&quot;action&quot;:&quot;us_ajax_grid&quot;,&quot;infinite_scroll&quot;:0,&quot;max_num_pages&quot;:1,&quot;pagination&quot;:&quot;none&quot;,&quot;template_vars&quot;:{&quot;columns&quot;:&quot;2&quot;,&quot;exclude_items&quot;:&quot;none&quot;,&quot;img_size&quot;:&quot;default&quot;,&quot;ignore_items_size&quot;:0,&quot;items_layout&quot;:&quot;gallery_default&quot;,&quot;items_offset&quot;:&quot;1&quot;,&quot;load_animation&quot;:&quot;none&quot;,&quot;overriding_link&quot;:&quot;%7B%22type%22%3A%22popup_image%22%7D&quot;,&quot;post_id&quot;:0,&quot;query_args&quot;:{&quot;post_type&quot;:[&quot;attachment&quot;],&quot;post__in&quot;:[&quot;3539&quot;,&quot;3540&quot;,&quot;3541&quot;,&quot;3542&quot;],&quot;post_status&quot;:&quot;inherit&quot;,&quot;post_mime_type&quot;:&quot;image&quot;,&quot;posts_per_page&quot;:&quot;4&quot;},&quot;orderby_query_args&quot;:{&quot;orderby&quot;:{&quot;date&quot;:&quot;DESC&quot;}},&quot;type&quot;:&quot;grid&quot;,&quot;us_grid_post_type&quot;:&quot;attachment&quot;,&quot;us_grid_ajax_index&quot;:1,&quot;us_grid_filter_query_string&quot;:null,&quot;us_grid_index&quot;:1,&quot;page_args&quot;:[]}}'><\/div>\r\n\t<\/div><\/div><\/div><\/div><\/div><\/div><\/section>\n","protected":false},"excerpt":{"rendered":"","protected":false},"author":1,"featured_media":0,"parent":0,"menu_order":0,"comment_status":"closed","ping_status":"closed","template":"","meta":{"footnotes":""},"class_list":["post-3496","page","type-page","status-publish","hentry"],"yoast_head":"<!-- This site is optimized with the Yoast SEO plugin v27.3 - https:\/\/yoast.com\/product\/yoast-seo-wordpress\/ -->\n<title>Gabinet - Gabinety Gudajczyk<\/title>\n<meta name=\"robots\" content=\"index, follow, max-snippet:-1, max-image-preview:large, max-video-preview:-1\" \/>\n<link rel=\"canonical\" href=\"https:\/\/gudajczyk.pl\/neurolog\/gabinet\/\" \/>\n<meta property=\"og:locale\" content=\"pl_PL\" \/>\n<meta property=\"og:type\" content=\"article\" \/>\n<meta property=\"og:title\" content=\"Gabinet - Gabinety Gudajczyk\" \/>\n<meta property=\"og:url\" content=\"https:\/\/gudajczyk.pl\/neurolog\/gabinet\/\" \/>\n<meta property=\"og:site_name\" content=\"Gabinety Gudajczyk\" \/>\n<meta property=\"article:modified_time\" content=\"2021-10-15T08:33:24+00:00\" \/>\n<meta name=\"twitter:card\" content=\"summary_large_image\" \/>\n<script type=\"application\/ld+json\" class=\"yoast-schema-graph\">{\"@context\":\"https:\\\/\\\/schema.org\",\"@graph\":[{\"@type\":\"WebPage\",\"@id\":\"https:\\\/\\\/gudajczyk.pl\\\/neurolog\\\/gabinet\\\/\",\"url\":\"https:\\\/\\\/gudajczyk.pl\\\/neurolog\\\/gabinet\\\/\",\"name\":\"Gabinet - Gabinety Gudajczyk\",\"isPartOf\":{\"@id\":\"https:\\\/\\\/gudajczyk.pl\\\/neurolog\\\/#website\"},\"datePublished\":\"2021-02-16T08:38:12+00:00\",\"dateModified\":\"2021-10-15T08:33:24+00:00\",\"breadcrumb\":{\"@id\":\"https:\\\/\\\/gudajczyk.pl\\\/neurolog\\\/gabinet\\\/#breadcrumb\"},\"inLanguage\":\"pl-PL\",\"potentialAction\":[{\"@type\":\"ReadAction\",\"target\":[\"https:\\\/\\\/gudajczyk.pl\\\/neurolog\\\/gabinet\\\/\"]}]},{\"@type\":\"BreadcrumbList\",\"@id\":\"https:\\\/\\\/gudajczyk.pl\\\/neurolog\\\/gabinet\\\/#breadcrumb\",\"itemListElement\":[{\"@type\":\"ListItem\",\"position\":1,\"name\":\"Strona g\u0142\u00f3wna\",\"item\":\"https:\\\/\\\/gudajczyk.pl\\\/neurolog\\\/\"},{\"@type\":\"ListItem\",\"position\":2,\"name\":\"Gabinet\"}]},{\"@type\":\"WebSite\",\"@id\":\"https:\\\/\\\/gudajczyk.pl\\\/neurolog\\\/#website\",\"url\":\"https:\\\/\\\/gudajczyk.pl\\\/neurolog\\\/\",\"name\":\"Gabinety Gudajczyk - Neurolog\",\"description\":\"Neurolog\",\"publisher\":{\"@id\":\"https:\\\/\\\/gudajczyk.pl\\\/neurolog\\\/#organization\"},\"potentialAction\":[{\"@type\":\"SearchAction\",\"target\":{\"@type\":\"EntryPoint\",\"urlTemplate\":\"https:\\\/\\\/gudajczyk.pl\\\/neurolog\\\/?s={search_term_string}\"},\"query-input\":{\"@type\":\"PropertyValueSpecification\",\"valueRequired\":true,\"valueName\":\"search_term_string\"}}],\"inLanguage\":\"pl-PL\"},{\"@type\":\"Organization\",\"@id\":\"https:\\\/\\\/gudajczyk.pl\\\/neurolog\\\/#organization\",\"name\":\"Gabinety Gudajczyk - Neurolog\",\"url\":\"https:\\\/\\\/gudajczyk.pl\\\/neurolog\\\/\",\"logo\":{\"@type\":\"ImageObject\",\"inLanguage\":\"pl-PL\",\"@id\":\"https:\\\/\\\/gudajczyk.pl\\\/neurolog\\\/#\\\/schema\\\/logo\\\/image\\\/\",\"url\":\"https:\\\/\\\/gudajczyk.pl\\\/neurolog\\\/wp-content\\\/uploads\\\/2021\\\/02\\\/logo-gudajczyk.png\",\"contentUrl\":\"https:\\\/\\\/gudajczyk.pl\\\/neurolog\\\/wp-content\\\/uploads\\\/2021\\\/02\\\/logo-gudajczyk.png\",\"width\":147,\"height\":44,\"caption\":\"Gabinety Gudajczyk - Neurolog\"},\"image\":{\"@id\":\"https:\\\/\\\/gudajczyk.pl\\\/neurolog\\\/#\\\/schema\\\/logo\\\/image\\\/\"}}]}<\/script>\n<!-- \/ Yoast SEO plugin. -->","yoast_head_json":{"title":"Gabinet - Gabinety Gudajczyk","robots":{"index":"index","follow":"follow","max-snippet":"max-snippet:-1","max-image-preview":"max-image-preview:large","max-video-preview":"max-video-preview:-1"},"canonical":"https:\/\/gudajczyk.pl\/neurolog\/gabinet\/","og_locale":"pl_PL","og_type":"article","og_title":"Gabinet - Gabinety Gudajczyk","og_url":"https:\/\/gudajczyk.pl\/neurolog\/gabinet\/","og_site_name":"Gabinety Gudajczyk","article_modified_time":"2021-10-15T08:33:24+00:00","twitter_card":"summary_large_image","schema":{"@context":"https:\/\/schema.org","@graph":[{"@type":"WebPage","@id":"https:\/\/gudajczyk.pl\/neurolog\/gabinet\/","url":"https:\/\/gudajczyk.pl\/neurolog\/gabinet\/","name":"Gabinet - Gabinety Gudajczyk","isPartOf":{"@id":"https:\/\/gudajczyk.pl\/neurolog\/#website"},"datePublished":"2021-02-16T08:38:12+00:00","dateModified":"2021-10-15T08:33:24+00:00","breadcrumb":{"@id":"https:\/\/gudajczyk.pl\/neurolog\/gabinet\/#breadcrumb"},"inLanguage":"pl-PL","potentialAction":[{"@type":"ReadAction","target":["https:\/\/gudajczyk.pl\/neurolog\/gabinet\/"]}]},{"@type":"BreadcrumbList","@id":"https:\/\/gudajczyk.pl\/neurolog\/gabinet\/#breadcrumb","itemListElement":[{"@type":"ListItem","position":1,"name":"Strona g\u0142\u00f3wna","item":"https:\/\/gudajczyk.pl\/neurolog\/"},{"@type":"ListItem","position":2,"name":"Gabinet"}]},{"@type":"WebSite","@id":"https:\/\/gudajczyk.pl\/neurolog\/#website","url":"https:\/\/gudajczyk.pl\/neurolog\/","name":"Gabinety Gudajczyk - Neurolog","description":"Neurolog","publisher":{"@id":"https:\/\/gudajczyk.pl\/neurolog\/#organization"},"potentialAction":[{"@type":"SearchAction","target":{"@type":"EntryPoint","urlTemplate":"https:\/\/gudajczyk.pl\/neurolog\/?s={search_term_string}"},"query-input":{"@type":"PropertyValueSpecification","valueRequired":true,"valueName":"search_term_string"}}],"inLanguage":"pl-PL"},{"@type":"Organization","@id":"https:\/\/gudajczyk.pl\/neurolog\/#organization","name":"Gabinety Gudajczyk - Neurolog","url":"https:\/\/gudajczyk.pl\/neurolog\/","logo":{"@type":"ImageObject","inLanguage":"pl-PL","@id":"https:\/\/gudajczyk.pl\/neurolog\/#\/schema\/logo\/image\/","url":"https:\/\/gudajczyk.pl\/neurolog\/wp-content\/uploads\/2021\/02\/logo-gudajczyk.png","contentUrl":"https:\/\/gudajczyk.pl\/neurolog\/wp-content\/uploads\/2021\/02\/logo-gudajczyk.png","width":147,"height":44,"caption":"Gabinety Gudajczyk - Neurolog"},"image":{"@id":"https:\/\/gudajczyk.pl\/neurolog\/#\/schema\/logo\/image\/"}}]}},"_links":{"self":[{"href":"https:\/\/gudajczyk.pl\/neurolog\/wp-json\/wp\/v2\/pages\/3496","targetHints":{"allow":["GET"]}}],"collection":[{"href":"https:\/\/gudajczyk.pl\/neurolog\/wp-json\/wp\/v2\/pages"}],"about":[{"href":"https:\/\/gudajczyk.pl\/neurolog\/wp-json\/wp\/v2\/types\/page"}],"author":[{"embeddable":true,"href":"https:\/\/gudajczyk.pl\/neurolog\/wp-json\/wp\/v2\/users\/1"}],"replies":[{"embeddable":true,"href":"https:\/\/gudajczyk.pl\/neurolog\/wp-json\/wp\/v2\/comments?post=3496"}],"version-history":[{"count":7,"href":"https:\/\/gudajczyk.pl\/neurolog\/wp-json\/wp\/v2\/pages\/3496\/revisions"}],"predecessor-version":[{"id":3589,"href":"https:\/\/gudajczyk.pl\/neurolog\/wp-json\/wp\/v2\/pages\/3496\/revisions\/3589"}],"wp:attachment":[{"href":"https:\/\/gudajczyk.pl\/neurolog\/wp-json\/wp\/v2\/media?parent=3496"}],"curies":[{"name":"wp","href":"https:\/\/api.w.org\/{rel}","templated":true}]}}