{"id":3498,"date":"2021-02-16T09:38:19","date_gmt":"2021-02-16T08:38:19","guid":{"rendered":"http:\/\/gudajczyk.pl\/neurolog\/?page_id=3498"},"modified":"2021-03-03T08:46:29","modified_gmt":"2021-03-03T07:46:29","slug":"o-mnie","status":"publish","type":"page","link":"https:\/\/gudajczyk.pl\/neurolog\/o-mnie\/","title":{"rendered":"O mnie"},"content":{"rendered":"<section class=\"l-section wpb_row height_medium\"><div class=\"l-section-h i-cf\"><div class=\"g-cols vc_row via_flex valign_top type_default stacking_default\"><div class=\"vc_col-sm-4 wpb_column vc_column_container\"><div class=\"vc_column-inner type_sticky\"><div class=\"wpb_wrapper\"><div class=\"w-person layout_circle\" itemscope itemtype=\"https:\/\/schema.org\/Person\"><div class=\"w-person-image\"><img loading=\"lazy\" decoding=\"async\" width=\"419\" height=\"408\" src=\"https:\/\/gudajczyk.pl\/neurolog\/wp-content\/uploads\/2021\/02\/neurolog-Janusz-Gudajczyk.jpg\" class=\"attachment-full size-full\" alt=\"\" itemprop=\"image\" srcset=\"https:\/\/gudajczyk.pl\/neurolog\/wp-content\/uploads\/2021\/02\/neurolog-Janusz-Gudajczyk.jpg 419w, https:\/\/gudajczyk.pl\/neurolog\/wp-content\/uploads\/2021\/02\/neurolog-Janusz-Gudajczyk-300x292.jpg 300w\" sizes=\"auto, (max-width: 419px) 100vw, 419px\" \/><\/div><div class=\"w-person-content\"><h4 itemprop=\"name\" class=\"w-person-name\"><span>Janusz Gudajczyk<\/span><\/h4><div class=\"w-person-role\" itemprop=\"jobTitle\">Neurolog<\/div><\/div><\/div><\/div><\/div><\/div><div class=\"vc_col-sm-8 wpb_column vc_column_container\"><div class=\"vc_column-inner\"><div class=\"wpb_wrapper\"><div class=\"wpb_text_column\"><div class=\"wpb_wrapper\"><p>Trafna diagnoza jest podstaw\u0105 sukcesu leczenia. W moim zawodzie jest ona szczeg\u00f3lnie wa\u017cna, bo zwi\u0105zana z warto\u015bci\u0105 cz\u0119sto dla nas najwa\u017cniejsz\u0105 \u2013 ze zdrowiem.<\/p>\n<p>Dbam o zdrowie moich pacjent\u00f3w. Przyk\u0142adam wag\u0119 do aktualizowania swojej wiedzy, rozwijam swoje umiej\u0119tno\u015bci.<\/p>\n<\/div><\/div><div class=\"w-separator size_medium\"><\/div><div class=\"w-tabs style_default switch_click accordion has_scrolling\" style=\"--sections-title-size:inherit\"><div class=\"w-tabs-sections titles-align_none icon_chevron cpos_right\"><div class=\"w-tabs-section\" id=\"r2f2\"><button class=\"w-tabs-section-header\" aria-controls=\"content-r2f2\" aria-expanded=\"false\"><div class=\"w-tabs-section-title\">Edukacja<\/div><div class=\"w-tabs-section-control\"><\/div><\/button><div  class=\"w-tabs-section-content\" id=\"content-r2f2\"><div class=\"w-tabs-section-content-h i-cf\"><div class=\"wpb_text_column\"><div class=\"wpb_wrapper\"><ul>\n<li>Wydzia\u0142 Lekarski Wojskowej Akademii Medycznej w \u0141odzi ( uko\u0144czenie studi\u00f3w w 1990 roku ),<\/li>\n<li>sta\u017c specjalizacyjny \u2013 Oddzia\u0142 Neurologiczny Szpitala Wojew\u00f3dzkiego w Koszalinie<br \/>\n( 1992 -1996 ),<\/li>\n<li>kursy doskonal\u0105ce z zakresu leczenia schorze\u0144 kr\u0119gos\u0142upa oraz wykonywania bada\u0144 USG Doppler t\u0119tnic dom\u00f3zgowych ( szyjnych i kr\u0119gowych ).<\/li>\n<\/ul>\n<\/div><\/div><\/div><\/div><\/div><div class=\"w-tabs-section\" id=\"h484\"><button class=\"w-tabs-section-header\" aria-controls=\"content-h484\" aria-expanded=\"false\"><div class=\"w-tabs-section-title\">Praktyka zawodowa<\/div><div class=\"w-tabs-section-control\"><\/div><\/button><div  class=\"w-tabs-section-content\" id=\"content-h484\"><div class=\"w-tabs-section-content-h i-cf\"><div class=\"wpb_text_column\"><div class=\"wpb_wrapper\"><ul>\n<li>lekarz personelu lataj\u0105cego samolot\u00f3w nadd\u017awi\u0119kowych 9 plm w Zegrzu Pomorskim<br \/>\n( 1991-2002 ),<\/li>\n<li>Poradnia Neurologiczna Wojskowej Specjalistycznej Przychodni Lekarskiej w Koszalinie<br \/>\n( od wrze\u015bnia 2002 roku ),<\/li>\n<li>pracownia USG Doppler Wojskowej Specjalistycznej Przychodni Lekarskiej w Koszalinie<br \/>\n( od stycznia 2006 roku ),<\/li>\n<li>Medical SPA Sanatorium \u201eUnitral\u201d w Mielnie ( Od marca 2008 roku ),<\/li>\n<\/ul>\n<\/div><\/div><\/div><\/div><\/div><div class=\"w-tabs-section\" id=\"f5e6\"><button class=\"w-tabs-section-header\" aria-controls=\"content-f5e6\" aria-expanded=\"false\"><div class=\"w-tabs-section-title\">Towarzystwa Naukowe<\/div><div class=\"w-tabs-section-control\"><\/div><\/button><div  class=\"w-tabs-section-content\" id=\"content-f5e6\"><div class=\"w-tabs-section-content-h i-cf\"><div class=\"wpb_text_column\"><div class=\"wpb_wrapper\"><ul>\n<li>cz\u0142onek Polskiego Towarzystwa Neurologicznego.<\/li>\n<\/ul>\n<\/div><\/div><\/div><\/div><\/div><\/div><\/div><\/div><\/div><\/div><\/div><\/div><\/section>\n","protected":false},"excerpt":{"rendered":"Janusz GudajczykNeurologTrafna diagnoza jest podstaw\u0105 sukcesu leczenia. W moim zawodzie jest ona szczeg\u00f3lnie wa\u017cna, bo zwi\u0105zana z warto\u015bci\u0105 cz\u0119sto dla nas najwa\u017cniejsz\u0105 \u2013 ze zdrowiem. Dbam o zdrowie moich pacjent\u00f3w. Przyk\u0142adam wag\u0119 do aktualizowania swojej wiedzy, rozwijam swoje umiej\u0119tno\u015bci. Edukacja Wydzia\u0142 Lekarski Wojskowej Akademii Medycznej w \u0141odzi ( uko\u0144czenie studi\u00f3w w 1990 roku ), sta\u017c...","protected":false},"author":1,"featured_media":0,"parent":0,"menu_order":0,"comment_status":"closed","ping_status":"closed","template":"","meta":{"footnotes":""},"class_list":["post-3498","page","type-page","status-publish","hentry"],"yoast_head":"<!-- This site is optimized with the Yoast SEO plugin v27.3 - https:\/\/yoast.com\/product\/yoast-seo-wordpress\/ -->\n<title>O mnie - Gabinety Gudajczyk<\/title>\n<meta name=\"robots\" content=\"index, follow, max-snippet:-1, max-image-preview:large, max-video-preview:-1\" \/>\n<link rel=\"canonical\" href=\"https:\/\/gudajczyk.pl\/neurolog\/o-mnie\/\" \/>\n<meta property=\"og:locale\" content=\"pl_PL\" \/>\n<meta property=\"og:type\" content=\"article\" \/>\n<meta property=\"og:title\" content=\"O mnie - Gabinety Gudajczyk\" \/>\n<meta property=\"og:url\" content=\"https:\/\/gudajczyk.pl\/neurolog\/o-mnie\/\" \/>\n<meta property=\"og:site_name\" content=\"Gabinety Gudajczyk\" \/>\n<meta property=\"article:modified_time\" content=\"2021-03-03T07:46:29+00:00\" \/>\n<meta name=\"twitter:card\" content=\"summary_large_image\" \/>\n<meta name=\"twitter:label1\" content=\"Szacowany czas czytania\" \/>\n\t<meta name=\"twitter:data1\" content=\"1 minuta\" \/>\n<script type=\"application\/ld+json\" class=\"yoast-schema-graph\">{\"@context\":\"https:\\\/\\\/schema.org\",\"@graph\":[{\"@type\":\"WebPage\",\"@id\":\"https:\\\/\\\/gudajczyk.pl\\\/neurolog\\\/o-mnie\\\/\",\"url\":\"https:\\\/\\\/gudajczyk.pl\\\/neurolog\\\/o-mnie\\\/\",\"name\":\"O mnie - Gabinety Gudajczyk\",\"isPartOf\":{\"@id\":\"https:\\\/\\\/gudajczyk.pl\\\/neurolog\\\/#website\"},\"datePublished\":\"2021-02-16T08:38:19+00:00\",\"dateModified\":\"2021-03-03T07:46:29+00:00\",\"breadcrumb\":{\"@id\":\"https:\\\/\\\/gudajczyk.pl\\\/neurolog\\\/o-mnie\\\/#breadcrumb\"},\"inLanguage\":\"pl-PL\",\"potentialAction\":[{\"@type\":\"ReadAction\",\"target\":[\"https:\\\/\\\/gudajczyk.pl\\\/neurolog\\\/o-mnie\\\/\"]}]},{\"@type\":\"BreadcrumbList\",\"@id\":\"https:\\\/\\\/gudajczyk.pl\\\/neurolog\\\/o-mnie\\\/#breadcrumb\",\"itemListElement\":[{\"@type\":\"ListItem\",\"position\":1,\"name\":\"Strona g\u0142\u00f3wna\",\"item\":\"https:\\\/\\\/gudajczyk.pl\\\/neurolog\\\/\"},{\"@type\":\"ListItem\",\"position\":2,\"name\":\"O mnie\"}]},{\"@type\":\"WebSite\",\"@id\":\"https:\\\/\\\/gudajczyk.pl\\\/neurolog\\\/#website\",\"url\":\"https:\\\/\\\/gudajczyk.pl\\\/neurolog\\\/\",\"name\":\"Gabinety Gudajczyk - Neurolog\",\"description\":\"Neurolog\",\"publisher\":{\"@id\":\"https:\\\/\\\/gudajczyk.pl\\\/neurolog\\\/#organization\"},\"potentialAction\":[{\"@type\":\"SearchAction\",\"target\":{\"@type\":\"EntryPoint\",\"urlTemplate\":\"https:\\\/\\\/gudajczyk.pl\\\/neurolog\\\/?s={search_term_string}\"},\"query-input\":{\"@type\":\"PropertyValueSpecification\",\"valueRequired\":true,\"valueName\":\"search_term_string\"}}],\"inLanguage\":\"pl-PL\"},{\"@type\":\"Organization\",\"@id\":\"https:\\\/\\\/gudajczyk.pl\\\/neurolog\\\/#organization\",\"name\":\"Gabinety Gudajczyk - Neurolog\",\"url\":\"https:\\\/\\\/gudajczyk.pl\\\/neurolog\\\/\",\"logo\":{\"@type\":\"ImageObject\",\"inLanguage\":\"pl-PL\",\"@id\":\"https:\\\/\\\/gudajczyk.pl\\\/neurolog\\\/#\\\/schema\\\/logo\\\/image\\\/\",\"url\":\"https:\\\/\\\/gudajczyk.pl\\\/neurolog\\\/wp-content\\\/uploads\\\/2021\\\/02\\\/logo-gudajczyk.png\",\"contentUrl\":\"https:\\\/\\\/gudajczyk.pl\\\/neurolog\\\/wp-content\\\/uploads\\\/2021\\\/02\\\/logo-gudajczyk.png\",\"width\":147,\"height\":44,\"caption\":\"Gabinety Gudajczyk - Neurolog\"},\"image\":{\"@id\":\"https:\\\/\\\/gudajczyk.pl\\\/neurolog\\\/#\\\/schema\\\/logo\\\/image\\\/\"}}]}<\/script>\n<!-- \/ Yoast SEO plugin. -->","yoast_head_json":{"title":"O mnie - Gabinety Gudajczyk","robots":{"index":"index","follow":"follow","max-snippet":"max-snippet:-1","max-image-preview":"max-image-preview:large","max-video-preview":"max-video-preview:-1"},"canonical":"https:\/\/gudajczyk.pl\/neurolog\/o-mnie\/","og_locale":"pl_PL","og_type":"article","og_title":"O mnie - Gabinety Gudajczyk","og_url":"https:\/\/gudajczyk.pl\/neurolog\/o-mnie\/","og_site_name":"Gabinety Gudajczyk","article_modified_time":"2021-03-03T07:46:29+00:00","twitter_card":"summary_large_image","twitter_misc":{"Szacowany czas czytania":"1 minuta"},"schema":{"@context":"https:\/\/schema.org","@graph":[{"@type":"WebPage","@id":"https:\/\/gudajczyk.pl\/neurolog\/o-mnie\/","url":"https:\/\/gudajczyk.pl\/neurolog\/o-mnie\/","name":"O mnie - Gabinety Gudajczyk","isPartOf":{"@id":"https:\/\/gudajczyk.pl\/neurolog\/#website"},"datePublished":"2021-02-16T08:38:19+00:00","dateModified":"2021-03-03T07:46:29+00:00","breadcrumb":{"@id":"https:\/\/gudajczyk.pl\/neurolog\/o-mnie\/#breadcrumb"},"inLanguage":"pl-PL","potentialAction":[{"@type":"ReadAction","target":["https:\/\/gudajczyk.pl\/neurolog\/o-mnie\/"]}]},{"@type":"BreadcrumbList","@id":"https:\/\/gudajczyk.pl\/neurolog\/o-mnie\/#breadcrumb","itemListElement":[{"@type":"ListItem","position":1,"name":"Strona g\u0142\u00f3wna","item":"https:\/\/gudajczyk.pl\/neurolog\/"},{"@type":"ListItem","position":2,"name":"O mnie"}]},{"@type":"WebSite","@id":"https:\/\/gudajczyk.pl\/neurolog\/#website","url":"https:\/\/gudajczyk.pl\/neurolog\/","name":"Gabinety Gudajczyk - Neurolog","description":"Neurolog","publisher":{"@id":"https:\/\/gudajczyk.pl\/neurolog\/#organization"},"potentialAction":[{"@type":"SearchAction","target":{"@type":"EntryPoint","urlTemplate":"https:\/\/gudajczyk.pl\/neurolog\/?s={search_term_string}"},"query-input":{"@type":"PropertyValueSpecification","valueRequired":true,"valueName":"search_term_string"}}],"inLanguage":"pl-PL"},{"@type":"Organization","@id":"https:\/\/gudajczyk.pl\/neurolog\/#organization","name":"Gabinety Gudajczyk - Neurolog","url":"https:\/\/gudajczyk.pl\/neurolog\/","logo":{"@type":"ImageObject","inLanguage":"pl-PL","@id":"https:\/\/gudajczyk.pl\/neurolog\/#\/schema\/logo\/image\/","url":"https:\/\/gudajczyk.pl\/neurolog\/wp-content\/uploads\/2021\/02\/logo-gudajczyk.png","contentUrl":"https:\/\/gudajczyk.pl\/neurolog\/wp-content\/uploads\/2021\/02\/logo-gudajczyk.png","width":147,"height":44,"caption":"Gabinety Gudajczyk - Neurolog"},"image":{"@id":"https:\/\/gudajczyk.pl\/neurolog\/#\/schema\/logo\/image\/"}}]}},"_links":{"self":[{"href":"https:\/\/gudajczyk.pl\/neurolog\/wp-json\/wp\/v2\/pages\/3498","targetHints":{"allow":["GET"]}}],"collection":[{"href":"https:\/\/gudajczyk.pl\/neurolog\/wp-json\/wp\/v2\/pages"}],"about":[{"href":"https:\/\/gudajczyk.pl\/neurolog\/wp-json\/wp\/v2\/types\/page"}],"author":[{"embeddable":true,"href":"https:\/\/gudajczyk.pl\/neurolog\/wp-json\/wp\/v2\/users\/1"}],"replies":[{"embeddable":true,"href":"https:\/\/gudajczyk.pl\/neurolog\/wp-json\/wp\/v2\/comments?post=3498"}],"version-history":[{"count":10,"href":"https:\/\/gudajczyk.pl\/neurolog\/wp-json\/wp\/v2\/pages\/3498\/revisions"}],"predecessor-version":[{"id":3564,"href":"https:\/\/gudajczyk.pl\/neurolog\/wp-json\/wp\/v2\/pages\/3498\/revisions\/3564"}],"wp:attachment":[{"href":"https:\/\/gudajczyk.pl\/neurolog\/wp-json\/wp\/v2\/media?parent=3498"}],"curies":[{"name":"wp","href":"https:\/\/api.w.org\/{rel}","templated":true}]}}