{"id":3500,"date":"2021-02-16T09:38:27","date_gmt":"2021-02-16T08:38:27","guid":{"rendered":"http:\/\/gudajczyk.pl\/neurolog\/?page_id=3500"},"modified":"2021-02-22T17:33:13","modified_gmt":"2021-02-22T16:33:13","slug":"o-leczeniu","status":"publish","type":"page","link":"https:\/\/gudajczyk.pl\/neurolog\/o-leczeniu\/","title":{"rendered":"O leczeniu"},"content":{"rendered":"<section class=\"l-section wpb_row height_medium\"><div class=\"l-section-h i-cf\"><div class=\"g-cols vc_row via_flex valign_top type_default stacking_default\"><div class=\"vc_col-sm-12 wpb_column vc_column_container\"><div class=\"vc_column-inner\"><div class=\"wpb_wrapper\"><div class=\"wpb_text_column\"><div class=\"wpb_wrapper\"><p>W swojej praktyce medycznej specjalizuj\u0119 si\u0119 w zakresie diagnostyki i leczenia schorze\u0144 neurologicznych :<\/p>\n<ul>\n<li>zespo\u0142y b\u00f3lowe kr\u0119gos\u0142upa szyjnego i l\u0119d\u017awiowo \u2013 krzy\u017cowego<br \/>\n(choroby zwyrodnieniowe, dyskopatie, zespo\u0142y przeci\u0105\u017ceniowe, pourazowe),<\/li>\n<li>rwa barkowa i rwa kulszowa,<\/li>\n<li>choroba Parkinsona,<\/li>\n<li>zaburzenia ot\u0119pienne i choroba Alzheimera,<\/li>\n<li>b\u00f3le g\u0142owy,<\/li>\n<li>stany po udarach m\u00f3zgu i krwotokach,<\/li>\n<li>zawroty g\u0142owy i zaburzenia r\u00f3wnowagi,<\/li>\n<li>choroby demielinizacyjne (SM),<\/li>\n<li>zaburzenia napadowe (padaczka).<\/li>\n<\/ul>\n<\/div><\/div><\/div><\/div><\/div><\/div><\/div><\/section>\n","protected":false},"excerpt":{"rendered":"W swojej praktyce medycznej specjalizuj\u0119 si\u0119 w zakresie diagnostyki i leczenia schorze\u0144 neurologicznych : zespo\u0142y b\u00f3lowe kr\u0119gos\u0142upa szyjnego i l\u0119d\u017awiowo \u2013 krzy\u017cowego (choroby zwyrodnieniowe, dyskopatie, zespo\u0142y przeci\u0105\u017ceniowe, pourazowe), rwa barkowa i rwa kulszowa, choroba Parkinsona, zaburzenia ot\u0119pienne i choroba Alzheimera, b\u00f3le g\u0142owy, stany po udarach m\u00f3zgu i krwotokach, zawroty g\u0142owy i zaburzenia r\u00f3wnowagi, choroby demielinizacyjne...","protected":false},"author":1,"featured_media":0,"parent":0,"menu_order":0,"comment_status":"closed","ping_status":"closed","template":"","meta":{"footnotes":""},"class_list":["post-3500","page","type-page","status-publish","hentry"],"yoast_head":"<!-- This site is optimized with the Yoast SEO plugin v27.3 - https:\/\/yoast.com\/product\/yoast-seo-wordpress\/ -->\n<title>O leczeniu - Gabinety Gudajczyk<\/title>\n<meta name=\"robots\" content=\"index, follow, max-snippet:-1, max-image-preview:large, max-video-preview:-1\" \/>\n<link rel=\"canonical\" href=\"https:\/\/gudajczyk.pl\/neurolog\/o-leczeniu\/\" \/>\n<meta property=\"og:locale\" content=\"pl_PL\" \/>\n<meta property=\"og:type\" content=\"article\" \/>\n<meta property=\"og:title\" content=\"O leczeniu - Gabinety Gudajczyk\" \/>\n<meta property=\"og:url\" content=\"https:\/\/gudajczyk.pl\/neurolog\/o-leczeniu\/\" \/>\n<meta property=\"og:site_name\" content=\"Gabinety Gudajczyk\" \/>\n<meta property=\"article:modified_time\" content=\"2021-02-22T16:33:13+00:00\" \/>\n<meta name=\"twitter:card\" content=\"summary_large_image\" \/>\n<script type=\"application\/ld+json\" class=\"yoast-schema-graph\">{\"@context\":\"https:\\\/\\\/schema.org\",\"@graph\":[{\"@type\":\"WebPage\",\"@id\":\"https:\\\/\\\/gudajczyk.pl\\\/neurolog\\\/o-leczeniu\\\/\",\"url\":\"https:\\\/\\\/gudajczyk.pl\\\/neurolog\\\/o-leczeniu\\\/\",\"name\":\"O leczeniu - Gabinety Gudajczyk\",\"isPartOf\":{\"@id\":\"https:\\\/\\\/gudajczyk.pl\\\/neurolog\\\/#website\"},\"datePublished\":\"2021-02-16T08:38:27+00:00\",\"dateModified\":\"2021-02-22T16:33:13+00:00\",\"breadcrumb\":{\"@id\":\"https:\\\/\\\/gudajczyk.pl\\\/neurolog\\\/o-leczeniu\\\/#breadcrumb\"},\"inLanguage\":\"pl-PL\",\"potentialAction\":[{\"@type\":\"ReadAction\",\"target\":[\"https:\\\/\\\/gudajczyk.pl\\\/neurolog\\\/o-leczeniu\\\/\"]}]},{\"@type\":\"BreadcrumbList\",\"@id\":\"https:\\\/\\\/gudajczyk.pl\\\/neurolog\\\/o-leczeniu\\\/#breadcrumb\",\"itemListElement\":[{\"@type\":\"ListItem\",\"position\":1,\"name\":\"Strona g\u0142\u00f3wna\",\"item\":\"https:\\\/\\\/gudajczyk.pl\\\/neurolog\\\/\"},{\"@type\":\"ListItem\",\"position\":2,\"name\":\"O leczeniu\"}]},{\"@type\":\"WebSite\",\"@id\":\"https:\\\/\\\/gudajczyk.pl\\\/neurolog\\\/#website\",\"url\":\"https:\\\/\\\/gudajczyk.pl\\\/neurolog\\\/\",\"name\":\"Gabinety Gudajczyk - Neurolog\",\"description\":\"Neurolog\",\"publisher\":{\"@id\":\"https:\\\/\\\/gudajczyk.pl\\\/neurolog\\\/#organization\"},\"potentialAction\":[{\"@type\":\"SearchAction\",\"target\":{\"@type\":\"EntryPoint\",\"urlTemplate\":\"https:\\\/\\\/gudajczyk.pl\\\/neurolog\\\/?s={search_term_string}\"},\"query-input\":{\"@type\":\"PropertyValueSpecification\",\"valueRequired\":true,\"valueName\":\"search_term_string\"}}],\"inLanguage\":\"pl-PL\"},{\"@type\":\"Organization\",\"@id\":\"https:\\\/\\\/gudajczyk.pl\\\/neurolog\\\/#organization\",\"name\":\"Gabinety Gudajczyk - Neurolog\",\"url\":\"https:\\\/\\\/gudajczyk.pl\\\/neurolog\\\/\",\"logo\":{\"@type\":\"ImageObject\",\"inLanguage\":\"pl-PL\",\"@id\":\"https:\\\/\\\/gudajczyk.pl\\\/neurolog\\\/#\\\/schema\\\/logo\\\/image\\\/\",\"url\":\"https:\\\/\\\/gudajczyk.pl\\\/neurolog\\\/wp-content\\\/uploads\\\/2021\\\/02\\\/logo-gudajczyk.png\",\"contentUrl\":\"https:\\\/\\\/gudajczyk.pl\\\/neurolog\\\/wp-content\\\/uploads\\\/2021\\\/02\\\/logo-gudajczyk.png\",\"width\":147,\"height\":44,\"caption\":\"Gabinety Gudajczyk - Neurolog\"},\"image\":{\"@id\":\"https:\\\/\\\/gudajczyk.pl\\\/neurolog\\\/#\\\/schema\\\/logo\\\/image\\\/\"}}]}<\/script>\n<!-- \/ Yoast SEO plugin. -->","yoast_head_json":{"title":"O leczeniu - Gabinety Gudajczyk","robots":{"index":"index","follow":"follow","max-snippet":"max-snippet:-1","max-image-preview":"max-image-preview:large","max-video-preview":"max-video-preview:-1"},"canonical":"https:\/\/gudajczyk.pl\/neurolog\/o-leczeniu\/","og_locale":"pl_PL","og_type":"article","og_title":"O leczeniu - Gabinety Gudajczyk","og_url":"https:\/\/gudajczyk.pl\/neurolog\/o-leczeniu\/","og_site_name":"Gabinety Gudajczyk","article_modified_time":"2021-02-22T16:33:13+00:00","twitter_card":"summary_large_image","schema":{"@context":"https:\/\/schema.org","@graph":[{"@type":"WebPage","@id":"https:\/\/gudajczyk.pl\/neurolog\/o-leczeniu\/","url":"https:\/\/gudajczyk.pl\/neurolog\/o-leczeniu\/","name":"O leczeniu - Gabinety Gudajczyk","isPartOf":{"@id":"https:\/\/gudajczyk.pl\/neurolog\/#website"},"datePublished":"2021-02-16T08:38:27+00:00","dateModified":"2021-02-22T16:33:13+00:00","breadcrumb":{"@id":"https:\/\/gudajczyk.pl\/neurolog\/o-leczeniu\/#breadcrumb"},"inLanguage":"pl-PL","potentialAction":[{"@type":"ReadAction","target":["https:\/\/gudajczyk.pl\/neurolog\/o-leczeniu\/"]}]},{"@type":"BreadcrumbList","@id":"https:\/\/gudajczyk.pl\/neurolog\/o-leczeniu\/#breadcrumb","itemListElement":[{"@type":"ListItem","position":1,"name":"Strona g\u0142\u00f3wna","item":"https:\/\/gudajczyk.pl\/neurolog\/"},{"@type":"ListItem","position":2,"name":"O leczeniu"}]},{"@type":"WebSite","@id":"https:\/\/gudajczyk.pl\/neurolog\/#website","url":"https:\/\/gudajczyk.pl\/neurolog\/","name":"Gabinety Gudajczyk - Neurolog","description":"Neurolog","publisher":{"@id":"https:\/\/gudajczyk.pl\/neurolog\/#organization"},"potentialAction":[{"@type":"SearchAction","target":{"@type":"EntryPoint","urlTemplate":"https:\/\/gudajczyk.pl\/neurolog\/?s={search_term_string}"},"query-input":{"@type":"PropertyValueSpecification","valueRequired":true,"valueName":"search_term_string"}}],"inLanguage":"pl-PL"},{"@type":"Organization","@id":"https:\/\/gudajczyk.pl\/neurolog\/#organization","name":"Gabinety Gudajczyk - Neurolog","url":"https:\/\/gudajczyk.pl\/neurolog\/","logo":{"@type":"ImageObject","inLanguage":"pl-PL","@id":"https:\/\/gudajczyk.pl\/neurolog\/#\/schema\/logo\/image\/","url":"https:\/\/gudajczyk.pl\/neurolog\/wp-content\/uploads\/2021\/02\/logo-gudajczyk.png","contentUrl":"https:\/\/gudajczyk.pl\/neurolog\/wp-content\/uploads\/2021\/02\/logo-gudajczyk.png","width":147,"height":44,"caption":"Gabinety Gudajczyk - Neurolog"},"image":{"@id":"https:\/\/gudajczyk.pl\/neurolog\/#\/schema\/logo\/image\/"}}]}},"_links":{"self":[{"href":"https:\/\/gudajczyk.pl\/neurolog\/wp-json\/wp\/v2\/pages\/3500","targetHints":{"allow":["GET"]}}],"collection":[{"href":"https:\/\/gudajczyk.pl\/neurolog\/wp-json\/wp\/v2\/pages"}],"about":[{"href":"https:\/\/gudajczyk.pl\/neurolog\/wp-json\/wp\/v2\/types\/page"}],"author":[{"embeddable":true,"href":"https:\/\/gudajczyk.pl\/neurolog\/wp-json\/wp\/v2\/users\/1"}],"replies":[{"embeddable":true,"href":"https:\/\/gudajczyk.pl\/neurolog\/wp-json\/wp\/v2\/comments?post=3500"}],"version-history":[{"count":5,"href":"https:\/\/gudajczyk.pl\/neurolog\/wp-json\/wp\/v2\/pages\/3500\/revisions"}],"predecessor-version":[{"id":3538,"href":"https:\/\/gudajczyk.pl\/neurolog\/wp-json\/wp\/v2\/pages\/3500\/revisions\/3538"}],"wp:attachment":[{"href":"https:\/\/gudajczyk.pl\/neurolog\/wp-json\/wp\/v2\/media?parent=3500"}],"curies":[{"name":"wp","href":"https:\/\/api.w.org\/{rel}","templated":true}]}}