{"id":41,"date":"2016-07-21T10:20:05","date_gmt":"2016-07-21T10:20:05","guid":{"rendered":"http:\/\/impreza18.us-themes.com\/?page_id=41"},"modified":"2025-11-20T12:35:34","modified_gmt":"2025-11-20T11:35:34","slug":"home","status":"publish","type":"page","link":"https:\/\/gudajczyk.pl\/neurolog\/","title":{"rendered":"Home"},"content":{"rendered":"<section class=\"l-section wpb_row us_custom_f4704987 has_text_color hide_on_default hide_on_laptops height_small\"><div class=\"l-section-h i-cf\"><div class=\"g-cols vc_row via_flex valign_top type_default stacking_default\"><div class=\"vc_col-sm-12 wpb_column vc_column_container\"><div class=\"vc_column-inner\"><div class=\"wpb_wrapper\"><div class=\"wpb_text_column\"><div class=\"wpb_wrapper\"><p style=\"text-align: center;\"><strong>Godzinny rejestracji:<\/strong><br \/>\nwtorek 16:00 \u2013 19:30<br \/>\n\u015broda 18:00 \u2013 20:00<br \/>\nczwartek 18:00 \u2013 20:00<\/p>\n<\/div><\/div><\/div><\/div><\/div><\/div><\/div><\/section><section class=\"l-section wpb_row height_medium full_height valign_center color_primary with_slider\"><div class=\"l-section-slider\"><div class=\"w-slider style_none fit_cover nav_none count_3\"><div class=\"w-slider-h\" aria-hidden=\"true\"><div class=\"royalSlider\"><div class=\"rsContent\"><a class=\"rsImg\" data-rsw=\"2560\" data-rsh=\"1440\" href=\"https:\/\/gudajczyk.pl\/neurolog\/wp-content\/uploads\/2021\/02\/doctor-looking-mri-scan-scaled.jpg\"><span data-alt=\"\"><\/span><\/a><\/div><div class=\"rsContent\"><a class=\"rsImg\" data-rsw=\"2560\" data-rsh=\"1491\" href=\"https:\/\/gudajczyk.pl\/neurolog\/wp-content\/uploads\/2021\/02\/medicine-doctor-team-meeting-analysis-scaled.jpg\"><span data-alt=\"\"><\/span><\/a><\/div><div class=\"rsContent\"><a class=\"rsImg\" data-rsw=\"2560\" data-rsh=\"1707\" href=\"https:\/\/gudajczyk.pl\/neurolog\/wp-content\/uploads\/2021\/02\/doctor-diagnose-analyze-x-ray-film-patient-scaled.jpg\"><span data-alt=\"\"><\/span><\/a><\/div><\/div><img decoding=\"async\" src=\"https:\/\/gudajczyk.pl\/neurolog\/wp-content\/uploads\/2021\/02\/doctor-looking-mri-scan-scaled.jpg\" width=\"2560\" height=\"1440\" alt loading=\"lazy\"><\/div><div class=\"w-slider-json\" onclick='return {&quot;autoScaleSlider&quot;:true,&quot;addActiveClass&quot;:true,&quot;loop&quot;:true,&quot;fadeInLoadedSlide&quot;:false,&quot;slidesSpacing&quot;:0,&quot;imageScalePadding&quot;:0,&quot;numImagesToPreload&quot;:2,&quot;arrowsNav&quot;:false,&quot;arrowsNavAutoHide&quot;:false,&quot;transitionType&quot;:&quot;fade&quot;,&quot;transitionSpeed&quot;:3000,&quot;block&quot;:{&quot;moveEffect&quot;:&quot;none&quot;,&quot;speed&quot;:300},&quot;thumbs&quot;:{&quot;fitInViewport&quot;:false,&quot;firstMargin&quot;:false,&quot;spacing&quot;:4},&quot;controlNavigation&quot;:&quot;none&quot;,&quot;autoplay&quot;:{&quot;enabled&quot;:true,&quot;pauseOnHover&quot;:false,&quot;delay&quot;:5000},&quot;autoScaleSliderWidth&quot;:2560,&quot;autoScaleSliderHeight&quot;:1440}'><\/div><\/div><\/div><div class=\"l-section-overlay\" style=\"background:rgba(0,0,0,0.33)\"><\/div><div class=\"l-section-h i-cf\"><div class=\"g-cols vc_row via_flex valign_top type_default stacking_default\"><div class=\"vc_col-sm-6 wpb_column vc_column_container\"><div class=\"vc_column-inner\"><div class=\"wpb_wrapper\"><div class=\"w-separator size_medium\"><\/div><div class=\"wpb_text_column\"><div class=\"wpb_wrapper\"><h2><strong>Janusz Gudajczyk<\/strong><\/h2>\n<p>Trafna diagnoza jest podstaw\u0105 sukcesu leczenia. W moim zawodzie jest ona szczeg\u00f3lnie wa\u017cna, bo zwi\u0105zana z warto\u015bci\u0105 cz\u0119sto dla nas najwa\u017cniejsz\u0105 \u2013 ze zdrowiem.<\/p>\n<\/div><\/div><div class=\"w-separator size_small\"><\/div><div class=\"w-btn-wrapper align_none\"><a class=\"w-btn us-btn-style_1\" title=\"Kontakt\" href=\"http:\/\/gudajczyk.pl\/neurolog\/kontakt\/\"><span class=\"w-btn-label\">Skontaktuj si\u0119<\/span><\/a><\/div><\/div><\/div><\/div><div class=\"vc_col-sm-6 wpb_column vc_column_container\"><div class=\"vc_column-inner\"><div class=\"wpb_wrapper\"><\/div><\/div><\/div><\/div><\/div><\/section>\n","protected":false},"excerpt":{"rendered":"Godzinny rejestracji: wtorek 16:00 \u2013 19:30 \u015broda 18:00 \u2013 20:00 czwartek 18:00 \u2013 20:00 Janusz Gudajczyk Trafna diagnoza jest podstaw\u0105 sukcesu leczenia. W moim zawodzie jest ona szczeg\u00f3lnie wa\u017cna, bo zwi\u0105zana z warto\u015bci\u0105 cz\u0119sto dla nas najwa\u017cniejsz\u0105 \u2013 ze zdrowiem. Skontaktuj si\u0119","protected":false},"author":1,"featured_media":0,"parent":0,"menu_order":0,"comment_status":"closed","ping_status":"closed","template":"","meta":{"footnotes":""},"class_list":["post-41","page","type-page","status-publish","hentry"],"yoast_head":"<!-- This site is optimized with the Yoast SEO plugin v27.3 - https:\/\/yoast.com\/product\/yoast-seo-wordpress\/ -->\n<title>Home - Gabinety Gudajczyk<\/title>\n<meta name=\"robots\" content=\"index, follow, max-snippet:-1, max-image-preview:large, max-video-preview:-1\" \/>\n<link rel=\"canonical\" href=\"https:\/\/gudajczyk.pl\/neurolog\/\" \/>\n<meta property=\"og:locale\" content=\"pl_PL\" \/>\n<meta property=\"og:type\" content=\"article\" \/>\n<meta property=\"og:title\" content=\"Home - Gabinety Gudajczyk\" \/>\n<meta property=\"og:url\" content=\"https:\/\/gudajczyk.pl\/neurolog\/\" \/>\n<meta property=\"og:site_name\" content=\"Gabinety Gudajczyk\" \/>\n<meta property=\"article:modified_time\" content=\"2025-11-20T11:35:34+00:00\" \/>\n<meta name=\"twitter:card\" content=\"summary_large_image\" \/>\n<meta name=\"twitter:label1\" content=\"Szacowany czas czytania\" \/>\n\t<meta name=\"twitter:data1\" content=\"1 minuta\" \/>\n<script type=\"application\/ld+json\" class=\"yoast-schema-graph\">{\"@context\":\"https:\\\/\\\/schema.org\",\"@graph\":[{\"@type\":\"WebPage\",\"@id\":\"https:\\\/\\\/gudajczyk.pl\\\/neurolog\\\/\",\"url\":\"https:\\\/\\\/gudajczyk.pl\\\/neurolog\\\/\",\"name\":\"Home - Gabinety Gudajczyk\",\"isPartOf\":{\"@id\":\"https:\\\/\\\/gudajczyk.pl\\\/neurolog\\\/#website\"},\"datePublished\":\"2016-07-21T10:20:05+00:00\",\"dateModified\":\"2025-11-20T11:35:34+00:00\",\"breadcrumb\":{\"@id\":\"https:\\\/\\\/gudajczyk.pl\\\/neurolog\\\/#breadcrumb\"},\"inLanguage\":\"pl-PL\",\"potentialAction\":[{\"@type\":\"ReadAction\",\"target\":[\"https:\\\/\\\/gudajczyk.pl\\\/neurolog\\\/\"]}]},{\"@type\":\"BreadcrumbList\",\"@id\":\"https:\\\/\\\/gudajczyk.pl\\\/neurolog\\\/#breadcrumb\",\"itemListElement\":[{\"@type\":\"ListItem\",\"position\":1,\"name\":\"Strona g\u0142\u00f3wna\",\"item\":\"https:\\\/\\\/gudajczyk.pl\\\/neurolog\\\/\"},{\"@type\":\"ListItem\",\"position\":2,\"name\":\"Home\"}]},{\"@type\":\"WebSite\",\"@id\":\"https:\\\/\\\/gudajczyk.pl\\\/neurolog\\\/#website\",\"url\":\"https:\\\/\\\/gudajczyk.pl\\\/neurolog\\\/\",\"name\":\"Gabinety Gudajczyk - Neurolog\",\"description\":\"Neurolog\",\"publisher\":{\"@id\":\"https:\\\/\\\/gudajczyk.pl\\\/neurolog\\\/#organization\"},\"potentialAction\":[{\"@type\":\"SearchAction\",\"target\":{\"@type\":\"EntryPoint\",\"urlTemplate\":\"https:\\\/\\\/gudajczyk.pl\\\/neurolog\\\/?s={search_term_string}\"},\"query-input\":{\"@type\":\"PropertyValueSpecification\",\"valueRequired\":true,\"valueName\":\"search_term_string\"}}],\"inLanguage\":\"pl-PL\"},{\"@type\":\"Organization\",\"@id\":\"https:\\\/\\\/gudajczyk.pl\\\/neurolog\\\/#organization\",\"name\":\"Gabinety Gudajczyk - Neurolog\",\"url\":\"https:\\\/\\\/gudajczyk.pl\\\/neurolog\\\/\",\"logo\":{\"@type\":\"ImageObject\",\"inLanguage\":\"pl-PL\",\"@id\":\"https:\\\/\\\/gudajczyk.pl\\\/neurolog\\\/#\\\/schema\\\/logo\\\/image\\\/\",\"url\":\"https:\\\/\\\/gudajczyk.pl\\\/neurolog\\\/wp-content\\\/uploads\\\/2021\\\/02\\\/logo-gudajczyk.png\",\"contentUrl\":\"https:\\\/\\\/gudajczyk.pl\\\/neurolog\\\/wp-content\\\/uploads\\\/2021\\\/02\\\/logo-gudajczyk.png\",\"width\":147,\"height\":44,\"caption\":\"Gabinety Gudajczyk - Neurolog\"},\"image\":{\"@id\":\"https:\\\/\\\/gudajczyk.pl\\\/neurolog\\\/#\\\/schema\\\/logo\\\/image\\\/\"}}]}<\/script>\n<!-- \/ Yoast SEO plugin. -->","yoast_head_json":{"title":"Home - Gabinety Gudajczyk","robots":{"index":"index","follow":"follow","max-snippet":"max-snippet:-1","max-image-preview":"max-image-preview:large","max-video-preview":"max-video-preview:-1"},"canonical":"https:\/\/gudajczyk.pl\/neurolog\/","og_locale":"pl_PL","og_type":"article","og_title":"Home - Gabinety Gudajczyk","og_url":"https:\/\/gudajczyk.pl\/neurolog\/","og_site_name":"Gabinety Gudajczyk","article_modified_time":"2025-11-20T11:35:34+00:00","twitter_card":"summary_large_image","twitter_misc":{"Szacowany czas czytania":"1 minuta"},"schema":{"@context":"https:\/\/schema.org","@graph":[{"@type":"WebPage","@id":"https:\/\/gudajczyk.pl\/neurolog\/","url":"https:\/\/gudajczyk.pl\/neurolog\/","name":"Home - Gabinety Gudajczyk","isPartOf":{"@id":"https:\/\/gudajczyk.pl\/neurolog\/#website"},"datePublished":"2016-07-21T10:20:05+00:00","dateModified":"2025-11-20T11:35:34+00:00","breadcrumb":{"@id":"https:\/\/gudajczyk.pl\/neurolog\/#breadcrumb"},"inLanguage":"pl-PL","potentialAction":[{"@type":"ReadAction","target":["https:\/\/gudajczyk.pl\/neurolog\/"]}]},{"@type":"BreadcrumbList","@id":"https:\/\/gudajczyk.pl\/neurolog\/#breadcrumb","itemListElement":[{"@type":"ListItem","position":1,"name":"Strona g\u0142\u00f3wna","item":"https:\/\/gudajczyk.pl\/neurolog\/"},{"@type":"ListItem","position":2,"name":"Home"}]},{"@type":"WebSite","@id":"https:\/\/gudajczyk.pl\/neurolog\/#website","url":"https:\/\/gudajczyk.pl\/neurolog\/","name":"Gabinety Gudajczyk - Neurolog","description":"Neurolog","publisher":{"@id":"https:\/\/gudajczyk.pl\/neurolog\/#organization"},"potentialAction":[{"@type":"SearchAction","target":{"@type":"EntryPoint","urlTemplate":"https:\/\/gudajczyk.pl\/neurolog\/?s={search_term_string}"},"query-input":{"@type":"PropertyValueSpecification","valueRequired":true,"valueName":"search_term_string"}}],"inLanguage":"pl-PL"},{"@type":"Organization","@id":"https:\/\/gudajczyk.pl\/neurolog\/#organization","name":"Gabinety Gudajczyk - Neurolog","url":"https:\/\/gudajczyk.pl\/neurolog\/","logo":{"@type":"ImageObject","inLanguage":"pl-PL","@id":"https:\/\/gudajczyk.pl\/neurolog\/#\/schema\/logo\/image\/","url":"https:\/\/gudajczyk.pl\/neurolog\/wp-content\/uploads\/2021\/02\/logo-gudajczyk.png","contentUrl":"https:\/\/gudajczyk.pl\/neurolog\/wp-content\/uploads\/2021\/02\/logo-gudajczyk.png","width":147,"height":44,"caption":"Gabinety Gudajczyk - Neurolog"},"image":{"@id":"https:\/\/gudajczyk.pl\/neurolog\/#\/schema\/logo\/image\/"}}]}},"_links":{"self":[{"href":"https:\/\/gudajczyk.pl\/neurolog\/wp-json\/wp\/v2\/pages\/41","targetHints":{"allow":["GET"]}}],"collection":[{"href":"https:\/\/gudajczyk.pl\/neurolog\/wp-json\/wp\/v2\/pages"}],"about":[{"href":"https:\/\/gudajczyk.pl\/neurolog\/wp-json\/wp\/v2\/types\/page"}],"author":[{"embeddable":true,"href":"https:\/\/gudajczyk.pl\/neurolog\/wp-json\/wp\/v2\/users\/1"}],"replies":[{"embeddable":true,"href":"https:\/\/gudajczyk.pl\/neurolog\/wp-json\/wp\/v2\/comments?post=41"}],"version-history":[{"count":21,"href":"https:\/\/gudajczyk.pl\/neurolog\/wp-json\/wp\/v2\/pages\/41\/revisions"}],"predecessor-version":[{"id":3646,"href":"https:\/\/gudajczyk.pl\/neurolog\/wp-json\/wp\/v2\/pages\/41\/revisions\/3646"}],"wp:attachment":[{"href":"https:\/\/gudajczyk.pl\/neurolog\/wp-json\/wp\/v2\/media?parent=41"}],"curies":[{"name":"wp","href":"https:\/\/api.w.org\/{rel}","templated":true}]}}