{"id":3500,"date":"2021-02-16T09:38:27","date_gmt":"2021-02-16T08:38:27","guid":{"rendered":"http:\/\/gudajczyk.pl\/stomatolog\/?page_id=3500"},"modified":"2021-02-22T22:28:46","modified_gmt":"2021-02-22T21:28:46","slug":"o-leczeniu","status":"publish","type":"page","link":"https:\/\/gudajczyk.pl\/stomatolog\/o-leczeniu\/","title":{"rendered":"O leczeniu"},"content":{"rendered":"<section class=\"l-section wpb_row height_medium\"><div class=\"l-section-h i-cf\"><div class=\"g-cols vc_row via_flex valign_top type_default stacking_default\"><div class=\"vc_col-sm-12 wpb_column vc_column_container\"><div class=\"vc_column-inner\"><div class=\"wpb_wrapper\"><div class=\"wpb_text_column\"><div class=\"wpb_wrapper\"><p>W gabinecie wykonuj\u0119 zabiegi z zakresu:<\/p>\n<p><strong>1. Profilaktyki stomatologicznej<\/strong><\/p>\n<ul>\n<li>lakierowanie z\u0119b\u00f3w mlecznych i sta\u0142ych preparatami o wysokiej zawarto\u015bci fluoru;<\/li>\n<li>lakowanie bruzd i szczelin z\u0119b\u00f3w mlecznych i sta\u0142ych;<\/li>\n<li>profesjonalne zabiegi higieniczne \u2013 skaling ultrad\u017awi\u0119kowy (usuwanie kamienia i z\u0142og\u00f3w naz\u0119bnych), polerowanie z\u0119b\u00f3w;<\/li>\n<\/ul>\n<p><strong>2. Stomatologii zachowawczej<\/strong><\/p>\n<ul>\n<li>leczenie pr\u00f3chnicy z\u0119b\u00f3w i innych chor\u00f3b twardych tkanek z\u0119ba niepr\u00f3chnicowego pochodzenia;<\/li>\n<li>endodoncja czyli leczenie chor\u00f3b miazgi z\u0119ba i tkanek oko\u0142o wierzcho\u0142kowych ( tzw. leczenie kana\u0142owe );<\/li>\n<\/ul>\n<p><strong>3. Chirurgii stomatologicznej<\/strong><\/p>\n<ul>\n<li>ekstrakcje z\u0119b\u00f3w mlecznych i sta\u0142ych;<\/li>\n<li>naci\u0119cie ropnia;<\/li>\n<\/ul>\n<p><strong>4. Protetyki stomatologicznej<\/strong><\/p>\n<ul>\n<li>wk\u0142ady koronowo \u2013 korzeniowe;<\/li>\n<li>korony;<\/li>\n<li>mosty;<\/li>\n<li>protezy akrylowe, szkieletowe i inne;<\/li>\n<\/ul>\n<p><strong>5. Stomatologii estetycznej<\/strong><\/p>\n<ul>\n<li>wybielanie z\u0119b\u00f3w \u017cywych;<\/li>\n<li>wybielanie z\u0119b\u00f3w martwych;<\/li>\n<li>lic\u00f3wki kompozytowe;<\/li>\n<\/ul>\n<\/div><\/div><\/div><\/div><\/div><\/div><\/div><\/section>\n","protected":false},"excerpt":{"rendered":"W gabinecie wykonuj\u0119 zabiegi z zakresu: 1. Profilaktyki stomatologicznej lakierowanie z\u0119b\u00f3w mlecznych i sta\u0142ych preparatami o wysokiej zawarto\u015bci fluoru; lakowanie bruzd i szczelin z\u0119b\u00f3w mlecznych i sta\u0142ych; profesjonalne zabiegi higieniczne \u2013 skaling ultrad\u017awi\u0119kowy (usuwanie kamienia i z\u0142og\u00f3w naz\u0119bnych), polerowanie z\u0119b\u00f3w; 2. Stomatologii zachowawczej leczenie pr\u00f3chnicy z\u0119b\u00f3w i innych chor\u00f3b twardych tkanek z\u0119ba niepr\u00f3chnicowego pochodzenia; endodoncja...","protected":false},"author":1,"featured_media":0,"parent":0,"menu_order":0,"comment_status":"closed","ping_status":"closed","template":"","meta":{"footnotes":""},"class_list":["post-3500","page","type-page","status-publish","hentry"],"yoast_head":"<!-- This site is optimized with the Yoast SEO plugin v27.3 - https:\/\/yoast.com\/product\/yoast-seo-wordpress\/ -->\n<title>O leczeniu - Gabinety Gudajczyk<\/title>\n<meta name=\"robots\" content=\"index, follow, max-snippet:-1, max-image-preview:large, max-video-preview:-1\" \/>\n<link rel=\"canonical\" href=\"https:\/\/gudajczyk.pl\/stomatolog\/o-leczeniu\/\" \/>\n<meta property=\"og:locale\" content=\"pl_PL\" \/>\n<meta property=\"og:type\" content=\"article\" \/>\n<meta property=\"og:title\" content=\"O leczeniu - Gabinety Gudajczyk\" \/>\n<meta property=\"og:url\" content=\"https:\/\/gudajczyk.pl\/stomatolog\/o-leczeniu\/\" \/>\n<meta property=\"og:site_name\" content=\"Gabinety Gudajczyk\" \/>\n<meta property=\"article:modified_time\" content=\"2021-02-22T21:28:46+00:00\" \/>\n<meta name=\"twitter:card\" content=\"summary_large_image\" \/>\n<meta name=\"twitter:label1\" content=\"Szacowany czas czytania\" \/>\n\t<meta name=\"twitter:data1\" content=\"1 minuta\" \/>\n<script type=\"application\/ld+json\" class=\"yoast-schema-graph\">{\"@context\":\"https:\\\/\\\/schema.org\",\"@graph\":[{\"@type\":\"WebPage\",\"@id\":\"https:\\\/\\\/gudajczyk.pl\\\/stomatolog\\\/o-leczeniu\\\/\",\"url\":\"https:\\\/\\\/gudajczyk.pl\\\/stomatolog\\\/o-leczeniu\\\/\",\"name\":\"O leczeniu - Gabinety Gudajczyk\",\"isPartOf\":{\"@id\":\"https:\\\/\\\/gudajczyk.pl\\\/stomatolog\\\/#website\"},\"datePublished\":\"2021-02-16T08:38:27+00:00\",\"dateModified\":\"2021-02-22T21:28:46+00:00\",\"breadcrumb\":{\"@id\":\"https:\\\/\\\/gudajczyk.pl\\\/stomatolog\\\/o-leczeniu\\\/#breadcrumb\"},\"inLanguage\":\"pl-PL\",\"potentialAction\":[{\"@type\":\"ReadAction\",\"target\":[\"https:\\\/\\\/gudajczyk.pl\\\/stomatolog\\\/o-leczeniu\\\/\"]}]},{\"@type\":\"BreadcrumbList\",\"@id\":\"https:\\\/\\\/gudajczyk.pl\\\/stomatolog\\\/o-leczeniu\\\/#breadcrumb\",\"itemListElement\":[{\"@type\":\"ListItem\",\"position\":1,\"name\":\"Strona g\u0142\u00f3wna\",\"item\":\"https:\\\/\\\/gudajczyk.pl\\\/stomatolog\\\/\"},{\"@type\":\"ListItem\",\"position\":2,\"name\":\"O leczeniu\"}]},{\"@type\":\"WebSite\",\"@id\":\"https:\\\/\\\/gudajczyk.pl\\\/stomatolog\\\/#website\",\"url\":\"https:\\\/\\\/gudajczyk.pl\\\/stomatolog\\\/\",\"name\":\"Gabinety Gudajczyk\",\"description\":\"Stomatolog\",\"potentialAction\":[{\"@type\":\"SearchAction\",\"target\":{\"@type\":\"EntryPoint\",\"urlTemplate\":\"https:\\\/\\\/gudajczyk.pl\\\/stomatolog\\\/?s={search_term_string}\"},\"query-input\":{\"@type\":\"PropertyValueSpecification\",\"valueRequired\":true,\"valueName\":\"search_term_string\"}}],\"inLanguage\":\"pl-PL\"}]}<\/script>\n<!-- \/ Yoast SEO plugin. -->","yoast_head_json":{"title":"O leczeniu - Gabinety Gudajczyk","robots":{"index":"index","follow":"follow","max-snippet":"max-snippet:-1","max-image-preview":"max-image-preview:large","max-video-preview":"max-video-preview:-1"},"canonical":"https:\/\/gudajczyk.pl\/stomatolog\/o-leczeniu\/","og_locale":"pl_PL","og_type":"article","og_title":"O leczeniu - Gabinety Gudajczyk","og_url":"https:\/\/gudajczyk.pl\/stomatolog\/o-leczeniu\/","og_site_name":"Gabinety Gudajczyk","article_modified_time":"2021-02-22T21:28:46+00:00","twitter_card":"summary_large_image","twitter_misc":{"Szacowany czas czytania":"1 minuta"},"schema":{"@context":"https:\/\/schema.org","@graph":[{"@type":"WebPage","@id":"https:\/\/gudajczyk.pl\/stomatolog\/o-leczeniu\/","url":"https:\/\/gudajczyk.pl\/stomatolog\/o-leczeniu\/","name":"O leczeniu - Gabinety Gudajczyk","isPartOf":{"@id":"https:\/\/gudajczyk.pl\/stomatolog\/#website"},"datePublished":"2021-02-16T08:38:27+00:00","dateModified":"2021-02-22T21:28:46+00:00","breadcrumb":{"@id":"https:\/\/gudajczyk.pl\/stomatolog\/o-leczeniu\/#breadcrumb"},"inLanguage":"pl-PL","potentialAction":[{"@type":"ReadAction","target":["https:\/\/gudajczyk.pl\/stomatolog\/o-leczeniu\/"]}]},{"@type":"BreadcrumbList","@id":"https:\/\/gudajczyk.pl\/stomatolog\/o-leczeniu\/#breadcrumb","itemListElement":[{"@type":"ListItem","position":1,"name":"Strona g\u0142\u00f3wna","item":"https:\/\/gudajczyk.pl\/stomatolog\/"},{"@type":"ListItem","position":2,"name":"O leczeniu"}]},{"@type":"WebSite","@id":"https:\/\/gudajczyk.pl\/stomatolog\/#website","url":"https:\/\/gudajczyk.pl\/stomatolog\/","name":"Gabinety Gudajczyk","description":"Stomatolog","potentialAction":[{"@type":"SearchAction","target":{"@type":"EntryPoint","urlTemplate":"https:\/\/gudajczyk.pl\/stomatolog\/?s={search_term_string}"},"query-input":{"@type":"PropertyValueSpecification","valueRequired":true,"valueName":"search_term_string"}}],"inLanguage":"pl-PL"}]}},"_links":{"self":[{"href":"https:\/\/gudajczyk.pl\/stomatolog\/wp-json\/wp\/v2\/pages\/3500","targetHints":{"allow":["GET"]}}],"collection":[{"href":"https:\/\/gudajczyk.pl\/stomatolog\/wp-json\/wp\/v2\/pages"}],"about":[{"href":"https:\/\/gudajczyk.pl\/stomatolog\/wp-json\/wp\/v2\/types\/page"}],"author":[{"embeddable":true,"href":"https:\/\/gudajczyk.pl\/stomatolog\/wp-json\/wp\/v2\/users\/1"}],"replies":[{"embeddable":true,"href":"https:\/\/gudajczyk.pl\/stomatolog\/wp-json\/wp\/v2\/comments?post=3500"}],"version-history":[{"count":6,"href":"https:\/\/gudajczyk.pl\/stomatolog\/wp-json\/wp\/v2\/pages\/3500\/revisions"}],"predecessor-version":[{"id":3566,"href":"https:\/\/gudajczyk.pl\/stomatolog\/wp-json\/wp\/v2\/pages\/3500\/revisions\/3566"}],"wp:attachment":[{"href":"https:\/\/gudajczyk.pl\/stomatolog\/wp-json\/wp\/v2\/media?parent=3500"}],"curies":[{"name":"wp","href":"https:\/\/api.w.org\/{rel}","templated":true}]}}