{"id":41,"date":"2016-07-21T10:20:05","date_gmt":"2016-07-21T10:20:05","guid":{"rendered":"http:\/\/impreza18.us-themes.com\/?page_id=41"},"modified":"2025-11-20T12:36:57","modified_gmt":"2025-11-20T11:36:57","slug":"home","status":"publish","type":"page","link":"https:\/\/gudajczyk.pl\/stomatolog\/","title":{"rendered":"Home"},"content":{"rendered":"<section class=\"l-section wpb_row us_custom_f4704987 has_text_color hide_on_default hide_on_laptops height_small\"><div class=\"l-section-h i-cf\"><div class=\"g-cols vc_row via_flex valign_top type_default stacking_default\"><div class=\"vc_col-sm-12 wpb_column vc_column_container\"><div class=\"vc_column-inner\"><div class=\"wpb_wrapper\"><div class=\"wpb_text_column\"><div class=\"wpb_wrapper\"><p style=\"text-align: center;\"><strong>Godziny rejestracji:<\/strong><br \/>\nPon.-Pt. 9.00-12.00 oraz 16.00-18.00<\/p>\n<\/div><\/div><\/div><\/div><\/div><\/div><\/div><\/section><section class=\"l-section wpb_row height_medium full_height valign_center color_primary with_slider\"><div class=\"l-section-slider\"><div class=\"w-slider style_none fit_cover nav_none count_2\"><div class=\"w-slider-h\" aria-hidden=\"true\"><div class=\"royalSlider\"><div class=\"rsContent\"><a class=\"rsImg\" data-rsw=\"1920\" data-rsh=\"1282\" href=\"https:\/\/gudajczyk.pl\/stomatolog\/wp-content\/uploads\/2021\/02\/girl-sitting-dentist-s-appointment-scaled-e1614075597662.jpg\"><span data-alt=\"\"><\/span><\/a><\/div><div class=\"rsContent\"><a class=\"rsImg\" data-rsw=\"1920\" data-rsh=\"1280\" href=\"https:\/\/gudajczyk.pl\/stomatolog\/wp-content\/uploads\/2021\/02\/young-female-patient-with-pretty-smile-examining-dental-inspection-at-dentist-clinic-scaled-e1614075568792.jpg\"><span data-alt=\"\"><\/span><\/a><\/div><\/div><img decoding=\"async\" src=\"https:\/\/gudajczyk.pl\/stomatolog\/wp-content\/uploads\/2021\/02\/girl-sitting-dentist-s-appointment-scaled-e1614075597662.jpg\" width=\"1920\" height=\"1282\" alt loading=\"lazy\"><\/div><div class=\"w-slider-json\" onclick='return {&quot;autoScaleSlider&quot;:true,&quot;addActiveClass&quot;:true,&quot;loop&quot;:true,&quot;fadeInLoadedSlide&quot;:false,&quot;slidesSpacing&quot;:0,&quot;imageScalePadding&quot;:0,&quot;numImagesToPreload&quot;:2,&quot;arrowsNav&quot;:false,&quot;arrowsNavAutoHide&quot;:false,&quot;transitionType&quot;:&quot;fade&quot;,&quot;transitionSpeed&quot;:3000,&quot;block&quot;:{&quot;moveEffect&quot;:&quot;none&quot;,&quot;speed&quot;:300},&quot;thumbs&quot;:{&quot;fitInViewport&quot;:false,&quot;firstMargin&quot;:false,&quot;spacing&quot;:4},&quot;controlNavigation&quot;:&quot;none&quot;,&quot;autoplay&quot;:{&quot;enabled&quot;:true,&quot;pauseOnHover&quot;:false,&quot;delay&quot;:5000},&quot;autoScaleSliderWidth&quot;:1920,&quot;autoScaleSliderHeight&quot;:1282}'><\/div><\/div><\/div><div class=\"l-section-overlay\" style=\"background:rgba(0,0,0,0.33)\"><\/div><div class=\"l-section-h i-cf\"><div class=\"g-cols vc_row via_flex valign_top type_default stacking_default\"><div class=\"vc_col-sm-6 wpb_column vc_column_container\"><div class=\"vc_column-inner\"><div class=\"wpb_wrapper\"><div class=\"w-separator size_medium\"><\/div><div class=\"wpb_text_column\"><div class=\"wpb_wrapper\"><h2><strong>Monika Gudajczyk<\/strong><\/h2>\n<p>Stomatologia to zainteresowanie, kt\u00f3re wci\u0105\u017c rozwijam. Dobry lekarz to kto\u015b, kto nie zatrzymuje si\u0119 na etapie wiedzy uzyskanej na studiach. Nieustannie pog\u0142\u0119biam swoj\u0105 wiedz\u0119, ucz\u0119 si\u0119 nowych technik pracy, inwestuj\u0119 w swoje wykszta\u0142cenie. Wiem, \u017ce od tego zale\u017c\u0105 efekty mojej pracy i zdrowie moich pacjent\u00f3w.<\/p>\n<\/div><\/div><div class=\"w-separator size_small\"><\/div><div class=\"w-btn-wrapper align_none\"><a class=\"w-btn us-btn-style_1\" title=\"Kontakt\" href=\"http:\/\/gudajczyk.pl\/stomatolog\/kontakt\/\"><span class=\"w-btn-label\">Skontaktuj si\u0119<\/span><\/a><\/div><\/div><\/div><\/div><div class=\"vc_col-sm-6 wpb_column vc_column_container\"><div class=\"vc_column-inner\"><div class=\"wpb_wrapper\"><\/div><\/div><\/div><\/div><\/div><\/section>\n","protected":false},"excerpt":{"rendered":"Godziny rejestracji: Pon.-Pt. 9.00-12.00 oraz 16.00-18.00 Monika Gudajczyk Stomatologia to zainteresowanie, kt\u00f3re wci\u0105\u017c rozwijam. Dobry lekarz to kto\u015b, kto nie zatrzymuje si\u0119 na etapie wiedzy uzyskanej na studiach. Nieustannie pog\u0142\u0119biam swoj\u0105 wiedz\u0119, ucz\u0119 si\u0119 nowych technik pracy, inwestuj\u0119 w swoje wykszta\u0142cenie. Wiem, \u017ce od tego zale\u017c\u0105 efekty mojej pracy i zdrowie moich pacjent\u00f3w. Skontaktuj si\u0119","protected":false},"author":1,"featured_media":0,"parent":0,"menu_order":0,"comment_status":"closed","ping_status":"closed","template":"","meta":{"footnotes":""},"class_list":["post-41","page","type-page","status-publish","hentry"],"yoast_head":"<!-- This site is optimized with the Yoast SEO plugin v27.3 - https:\/\/yoast.com\/product\/yoast-seo-wordpress\/ -->\n<title>Home - Gabinety Gudajczyk<\/title>\n<meta name=\"robots\" content=\"index, follow, max-snippet:-1, max-image-preview:large, max-video-preview:-1\" \/>\n<link rel=\"canonical\" href=\"https:\/\/gudajczyk.pl\/stomatolog\/\" \/>\n<meta property=\"og:locale\" content=\"pl_PL\" \/>\n<meta property=\"og:type\" content=\"article\" \/>\n<meta property=\"og:title\" content=\"Home - Gabinety Gudajczyk\" \/>\n<meta property=\"og:url\" content=\"https:\/\/gudajczyk.pl\/stomatolog\/\" \/>\n<meta property=\"og:site_name\" content=\"Gabinety Gudajczyk\" \/>\n<meta property=\"article:modified_time\" content=\"2025-11-20T11:36:57+00:00\" \/>\n<meta name=\"twitter:card\" content=\"summary_large_image\" \/>\n<meta name=\"twitter:label1\" content=\"Szacowany czas czytania\" \/>\n\t<meta name=\"twitter:data1\" content=\"1 minuta\" \/>\n<script type=\"application\/ld+json\" class=\"yoast-schema-graph\">{\"@context\":\"https:\\\/\\\/schema.org\",\"@graph\":[{\"@type\":\"WebPage\",\"@id\":\"https:\\\/\\\/gudajczyk.pl\\\/stomatolog\\\/\",\"url\":\"https:\\\/\\\/gudajczyk.pl\\\/stomatolog\\\/\",\"name\":\"Home - Gabinety Gudajczyk\",\"isPartOf\":{\"@id\":\"https:\\\/\\\/gudajczyk.pl\\\/stomatolog\\\/#website\"},\"datePublished\":\"2016-07-21T10:20:05+00:00\",\"dateModified\":\"2025-11-20T11:36:57+00:00\",\"breadcrumb\":{\"@id\":\"https:\\\/\\\/gudajczyk.pl\\\/stomatolog\\\/#breadcrumb\"},\"inLanguage\":\"pl-PL\",\"potentialAction\":[{\"@type\":\"ReadAction\",\"target\":[\"https:\\\/\\\/gudajczyk.pl\\\/stomatolog\\\/\"]}]},{\"@type\":\"BreadcrumbList\",\"@id\":\"https:\\\/\\\/gudajczyk.pl\\\/stomatolog\\\/#breadcrumb\",\"itemListElement\":[{\"@type\":\"ListItem\",\"position\":1,\"name\":\"Strona g\u0142\u00f3wna\",\"item\":\"https:\\\/\\\/gudajczyk.pl\\\/stomatolog\\\/\"},{\"@type\":\"ListItem\",\"position\":2,\"name\":\"Home\"}]},{\"@type\":\"WebSite\",\"@id\":\"https:\\\/\\\/gudajczyk.pl\\\/stomatolog\\\/#website\",\"url\":\"https:\\\/\\\/gudajczyk.pl\\\/stomatolog\\\/\",\"name\":\"Gabinety Gudajczyk\",\"description\":\"Stomatolog\",\"potentialAction\":[{\"@type\":\"SearchAction\",\"target\":{\"@type\":\"EntryPoint\",\"urlTemplate\":\"https:\\\/\\\/gudajczyk.pl\\\/stomatolog\\\/?s={search_term_string}\"},\"query-input\":{\"@type\":\"PropertyValueSpecification\",\"valueRequired\":true,\"valueName\":\"search_term_string\"}}],\"inLanguage\":\"pl-PL\"}]}<\/script>\n<!-- \/ Yoast SEO plugin. -->","yoast_head_json":{"title":"Home - Gabinety Gudajczyk","robots":{"index":"index","follow":"follow","max-snippet":"max-snippet:-1","max-image-preview":"max-image-preview:large","max-video-preview":"max-video-preview:-1"},"canonical":"https:\/\/gudajczyk.pl\/stomatolog\/","og_locale":"pl_PL","og_type":"article","og_title":"Home - Gabinety Gudajczyk","og_url":"https:\/\/gudajczyk.pl\/stomatolog\/","og_site_name":"Gabinety Gudajczyk","article_modified_time":"2025-11-20T11:36:57+00:00","twitter_card":"summary_large_image","twitter_misc":{"Szacowany czas czytania":"1 minuta"},"schema":{"@context":"https:\/\/schema.org","@graph":[{"@type":"WebPage","@id":"https:\/\/gudajczyk.pl\/stomatolog\/","url":"https:\/\/gudajczyk.pl\/stomatolog\/","name":"Home - Gabinety Gudajczyk","isPartOf":{"@id":"https:\/\/gudajczyk.pl\/stomatolog\/#website"},"datePublished":"2016-07-21T10:20:05+00:00","dateModified":"2025-11-20T11:36:57+00:00","breadcrumb":{"@id":"https:\/\/gudajczyk.pl\/stomatolog\/#breadcrumb"},"inLanguage":"pl-PL","potentialAction":[{"@type":"ReadAction","target":["https:\/\/gudajczyk.pl\/stomatolog\/"]}]},{"@type":"BreadcrumbList","@id":"https:\/\/gudajczyk.pl\/stomatolog\/#breadcrumb","itemListElement":[{"@type":"ListItem","position":1,"name":"Strona g\u0142\u00f3wna","item":"https:\/\/gudajczyk.pl\/stomatolog\/"},{"@type":"ListItem","position":2,"name":"Home"}]},{"@type":"WebSite","@id":"https:\/\/gudajczyk.pl\/stomatolog\/#website","url":"https:\/\/gudajczyk.pl\/stomatolog\/","name":"Gabinety Gudajczyk","description":"Stomatolog","potentialAction":[{"@type":"SearchAction","target":{"@type":"EntryPoint","urlTemplate":"https:\/\/gudajczyk.pl\/stomatolog\/?s={search_term_string}"},"query-input":{"@type":"PropertyValueSpecification","valueRequired":true,"valueName":"search_term_string"}}],"inLanguage":"pl-PL"}]}},"_links":{"self":[{"href":"https:\/\/gudajczyk.pl\/stomatolog\/wp-json\/wp\/v2\/pages\/41","targetHints":{"allow":["GET"]}}],"collection":[{"href":"https:\/\/gudajczyk.pl\/stomatolog\/wp-json\/wp\/v2\/pages"}],"about":[{"href":"https:\/\/gudajczyk.pl\/stomatolog\/wp-json\/wp\/v2\/types\/page"}],"author":[{"embeddable":true,"href":"https:\/\/gudajczyk.pl\/stomatolog\/wp-json\/wp\/v2\/users\/1"}],"replies":[{"embeddable":true,"href":"https:\/\/gudajczyk.pl\/stomatolog\/wp-json\/wp\/v2\/comments?post=41"}],"version-history":[{"count":19,"href":"https:\/\/gudajczyk.pl\/stomatolog\/wp-json\/wp\/v2\/pages\/41\/revisions"}],"predecessor-version":[{"id":3647,"href":"https:\/\/gudajczyk.pl\/stomatolog\/wp-json\/wp\/v2\/pages\/41\/revisions\/3647"}],"wp:attachment":[{"href":"https:\/\/gudajczyk.pl\/stomatolog\/wp-json\/wp\/v2\/media?parent=41"}],"curies":[{"name":"wp","href":"https:\/\/api.w.org\/{rel}","templated":true}]}}